{"id":1163,"date":"2023-09-22T18:01:42","date_gmt":"2023-09-22T15:01:42","guid":{"rendered":"https:\/\/www.linka.partners\/?page_id=1163"},"modified":"2024-01-10T15:40:54","modified_gmt":"2024-01-10T12:40:54","slug":"iletisim","status":"publish","type":"page","link":"https:\/\/www.linka.partners\/en\/iletisim\/","title":{"rendered":"\u0130leti\u015fim"},"content":{"rendered":"<div class=\"wp-block-cover alignfull arka eplus-wrapper\" style=\"min-height:100vh;aspect-ratio:unset;\"><span aria-hidden=\"true\" class=\"wp-block-cover__background has-primary-background-color has-background-dim-100 has-background-dim\"><\/span><div class=\"wp-block-cover__inner-container is-layout-constrained wp-container-core-cover-is-layout-1bbc19d2 wp-block-cover-is-layout-constrained\">\n<p class=\"longitude hide.mobile hide-text eplus-wrapper has-small-font-size off-screen\" id=\"longitude\">29.042305<\/p>\n<p class=\"latitude hide.mobile hide-text eplus-wrapper has-small-font-size off-screen\" id=\"latitude\">40.992935<\/p>\n\n<!DOCTYPE html>\n<html>\n<head>\n  <style>\n    \/* Your existing CSS styles *\/\n\n.off-screen {\n  position: absolute;\n  left: -9999px;\n  top: -9999px;\n}\n    .navi-tel {\n      color: rgb(236, 101, 86);\n      z-index: 500;\n    }\n\n    .navi-img {\n      position: fixed;\n      top: 50%;\n      left: 50%;\n      transform: translate(-50%, -50%);\n      font-size: 36px;\n      z-index: 500;\n    }\n\nbody {\n    overflow: hidden;\n    background-color: black;\n}\n#mapContainer {\n    position: absolute;\n    top: 200px; \/* Adjust this value to shift the map upwards *\/\n    left: 0;\n    width: 100vw;\n    height: calc(100vh + 100px); \/* Consider the offset to ensure the map stays visible *\/\n    z-index: -500;\n}\n  <\/style>\n<\/head>\n<body>\n  <!-- Your HTML content -->\n\n  <!-- Map container -->\n<div id=\"map0\" style=\"width: 100vw; height: 100vh; position: absolute; top: 0px; left: 0px; z-index: -500\"><\/div>\n\n\n  <!-- Google Maps API and Marker Script -->\n  <script>\n    function initializeMap() {\n      const latitudeElements = document.querySelectorAll('.latitude');\n      const longitudeElements = document.querySelectorAll('.longitude');\n\n      if (latitudeElements.length !== longitudeElements.length) {\n        console.error('Mismatch between latitude and longitude elements.');\n        return;\n      }\n\n      for (let i = 0; i < latitudeElements.length; i++) {\n        const latitude = parseFloat(latitudeElements[i].textContent);\n        const longitude = parseFloat(longitudeElements[i].textContent);\n\n        const mapOptions = {\n          center: { lat: latitude, lng: longitude },\n          zoom: 13,\n          offset: '0px 1000px',\n        \/\/ gestureHandling: 'none', \/\/ Disable right-click\n        gestureHandling: 'cooperative', \/\/ Allow panning without Control key\n        scrollwheel: true, \/\/ Enable zooming by scrolling\n        disableDefaultUI: true, \/\/ Disable all default Google Maps control buttons\n        };\n\n        const map = new google.maps.Map(document.getElementById('map' + i), mapOptions);\n\nconst icon = {\n  url: 'https:\/\/www.linka.partners\/wp-content\/uploads\/2023\/02\/cropped-Linka.png',\n  scaledSize: new google.maps.Size(150, 150),\n  anchor: new google.maps.Point(75, 75), \/\/ Set anchor to bottom center of the icon\n  zIndex: 200, \/\/ Set the zIndex of the icon\n  opacity: 0.1 \/\/ Set the opacity to 0.5 (semi-transparent)\n};\n\n        const marker = new google.maps.Marker({\n          position: { lat: latitude, lng: longitude },\n          map: map,\n          icon: icon,\n        });\n\n        marker.addListener('click', function() {\n          const mapsLink = `https:\/\/map.linka.partners`;\n          window.open(mapsLink, '_blank');\n        });\n      }\n    }\n\n    document.addEventListener(\"DOMContentLoaded\", initializeMap);\n\n    \/\/ Event listeners for marker hover\n    marker.addListener('mouseover', function () {\n      icon.scaledSize = new google.maps.Size(originalIconSize.width * 1.5, originalIconSize.height * 1.5);\n      marker.setIcon(icon);\n    });\n\n    marker.addListener('mouseout', function () {\n      icon.scaledSize = originalIconSize;\n      marker.setIcon(icon);\n    });\n\n  <\/script>\n\n  <script src=\"https:\/\/maps.googleapis.com\/maps\/api\/js?key=AIzaSyCW06uP-v2VF43-kA9oeMkfjAPd1YOgTxg&#038;callback=initializeMap\"><\/script>\n\n<\/body>\n<\/html>\n<!DOCTYPE html>\n<html>\n<head>\n    <style>\n\/* Your existing styles *\/\n.iletisim-box {\n    position: absolute;\n    left: 5%; \n    top: 50%; \n    z-index: 500;\n    transform: translateX(-5%); \/* Shifts element back by half its width *\/\n}\n\n\/* Media query for hiding the element on mobile devices *\/\n@media screen and (max-width : 457px ){\n    .iletisim-box {\n        display: none; \/* Hide the element on screens smaller than 768px (adjust as needed) *\/\n    }\n}\n\n    .iletisim-text {\n      position: fixed;\n      top: 20%;\n      left: calc(5% - 15px);\n      font-size: 12pt; \n    }\n\n    <\/style>\n<\/head>\n<body>\n\n<div>\n  <div class=\"iletisim-text\">\n<a href=\"https:\/\/map.linka.partners\" target=\"_blank\" rel=\"noopener\">\n  <p>Oran Plaza No 10\/18 Daire 14 Kat 1<br>\n  E\u011fitim Mah., Ad\u0131m Sk.,<br>\n  34722, Kad\u0131k\u00f6y, \u0130stanbul - TR<\/p>\n<\/a>\n    <p><a href=\"mailto:info@linka.partners\">info@linka.partners<\/a><\/p>\n    <p><a href=\"tel: 902164631010\">+90 216 463 10 10<\/a><\/p>\n  <\/div>\n<\/div>\n\n\n<div class=\"contact-container\" style=\"iletisim-text;\">\n\n<\/div>\n    <div class=\"iletisim-box\">\n        <div class='fluentform ff-default fluentform_wrapper_3 ffs_default_wrap'><form data-form_id=\"3\" id=\"fluentform_3\" class=\"frm-fluent-form fluent_form_3 ff-el-form-top ff_form_instance_3_1 ff-form-loading ff_has_v3_recptcha ffs_default\" data-form_instance=\"ff_form_instance_3_1\" method=\"POST\" data-recptcha_key=\"6LeiZXMoAAAAAC4IHZRoLYSEcf_r1UG_qzTmyiSo\" action=\"\" ><fieldset  style=\"border: none!important;margin: 0!important;padding: 0!important;background-color: transparent!important;box-shadow: none!important;outline: none!important; min-inline-size: 100%;\">\n                    <legend class=\"ff_screen_reader_title\" style=\"display: block; margin: 0!important;padding: 0!important;height: 0!important;text-indent: -999999px;width: 0!important;overflow:hidden;\">\u0130leti\u015fim Formu<\/legend><input type='hidden' name='__fluent_form_embded_post_id' value='1163' \/><input type=\"hidden\" id=\"_fluentform_3_fluentformnonce\" name=\"_fluentform_3_fluentformnonce\" value=\"0898c25866\" \/><input type=\"hidden\" name=\"_wp_http_referer\" value=\"\/en\/wp-json\/wp\/v2\/pages\/1163\" \/><div data-type=\"name-element\" data-name=\"names\" class=\"ff-field_container ff-name-field-wrapper\" ><div class='ff-t-container'><div class='ff-t-cell'><div class='ff-el-group  ff-el-form-hide_label'><div class=\"ff-el-input--label ff-el-is-required asterisk-right\"><label for='ff_3_names_first_name_' aria-label=\"\u0130sim\">\u0130sim<\/label><\/div><div class='ff-el-input--content'><input type=\"text\" name=\"names[first_name]\" id=\"ff_3_names_first_name_\" class=\"ff-el-form-control\" placeholder=\"\u0130sim\" aria-invalid=\"false\" aria-required=\"false\"><\/div><\/div><\/div><div class='ff-t-cell'><div class='ff-el-group  ff-el-form-hide_label'><div class=\"ff-el-input--label ff-el-is-required asterisk-right\"><label for='ff_3_names_last_name_' aria-label=\"Soyisim\">Soyisim<\/label><\/div><div class='ff-el-input--content'><input type=\"text\" name=\"names[last_name]\" id=\"ff_3_names_last_name_\" class=\"ff-el-form-control\" placeholder=\"Soyisim\" aria-invalid=\"false\" aria-required=\"false\"><\/div><\/div><\/div><\/div><\/div><div class='ff-el-group ff-el-form-hide_label'><div class=\"ff-el-input--label ff-el-is-required asterisk-right\"><label for='ff_3_email' aria-label=\"E-posta\">E-posta<\/label><\/div><div class='ff-el-input--content'><input type=\"email\" name=\"email\" id=\"ff_3_email\" class=\"ff-el-form-control\" placeholder=\"E-posta\" data-name=\"email\"  aria-invalid=\"false\" aria-required=\"true\"><\/div><\/div><div class='ff-el-group ff-el-form-hide_label'><div class=\"ff-el-input--label ff-el-is-required asterisk-right\"><label for='ff_3_message' aria-label=\"Your Message\">Your Message<\/label><\/div><div class='ff-el-input--content'><textarea aria-invalid=\"false\" aria-required=\"true\" name=\"message\" id=\"ff_3_message\" class=\"ff-el-form-control\" placeholder=\"Mesaj\" rows=\"4\" cols=\"2\" data-name=\"message\" ><\/textarea><\/div><\/div><div class='ff-el-group ff-text-right ff_submit_btn_wrapper'><button type=\"submit\" class=\"ff-btn ff-btn-submit ff-btn-md ff_btn_style wpf_has_custom_css\" >G\u00f6nder<\/button><\/div><\/fieldset><input type=\"hidden\" name=\"trp-form-language\" value=\"en\"\/><\/form><div id='fluentform_3_errors' class='ff-errors-in-stack ff_form_instance_3_1 ff-form-loading_errors ff_form_instance_3_1_errors'><\/div><\/div>        <script type=\"text\/javascript\">\n            window.fluent_form_ff_form_instance_3_1 = {\"id\":\"3\",\"settings\":{\"layout\":{\"labelPlacement\":\"top\",\"helpMessagePlacement\":\"with_label\",\"errorMessagePlacement\":\"inline\",\"cssClassName\":\"\",\"asteriskPlacement\":\"asterisk-right\"},\"restrictions\":{\"denyEmptySubmission\":{\"enabled\":false}}},\"form_instance\":\"ff_form_instance_3_1\",\"form_id_selector\":\"fluentform_3\",\"rules\":{\"names[first_name]\":{\"required\":{\"value\":true,\"message\":\"Bu alan gerekli\"}},\"names[middle_name]\":{\"required\":{\"value\":false,\"message\":\"This field is required\"}},\"names[last_name]\":{\"required\":{\"value\":true,\"message\":\"Bu alan gerekli\"}},\"email\":{\"required\":{\"value\":true,\"message\":\"Bu alan gerekli\"},\"email\":{\"value\":true,\"message\":\"E-posta adresi ge\\u00e7erli de\\u011fil\"}},\"message\":{\"required\":{\"value\":true,\"message\":\"This field is required\"}},\"g-recaptcha-response\":[]}};\n                    <\/script>\n        \n    <\/div>\n\n<\/body>\n<\/html>\n\n<\/div><\/div>","protected":false},"excerpt":{"rendered":"","protected":false},"author":1,"featured_media":0,"parent":0,"menu_order":17,"comment_status":"closed","ping_status":"closed","template":"","meta":{"_editorskit_title_hidden":false,"_editorskit_reading_time":0,"_editorskit_is_block_options_detached":false,"_editorskit_block_options_position":"{}","editor_plus_copied_stylings":"{}","footnotes":""},"class_list":["post-1163","page","type-page","status-publish","hentry"],"acf":[],"yoast_head":"<!-- This site is optimized with the Yoast SEO plugin v21.5 - https:\/\/yoast.com\/wordpress\/plugins\/seo\/ -->\n<title>\u0130leti\u015fim | Linka Partners<\/title>\n<meta name=\"robots\" content=\"index, follow, max-snippet:-1, max-image-preview:large, max-video-preview:-1\" \/>\n<link rel=\"canonical\" href=\"https:\/\/www.linka.partners\/en\/iletisim\/\" \/>\n<meta property=\"og:locale\" content=\"en_US\" \/>\n<meta property=\"og:type\" content=\"article\" \/>\n<meta property=\"og:title\" content=\"\u0130leti\u015fim | Linka Partners\" \/>\n<meta property=\"og:url\" content=\"https:\/\/www.linka.partners\/en\/iletisim\/\" \/>\n<meta property=\"og:site_name\" content=\"Linka Partners\" \/>\n<meta property=\"article:modified_time\" content=\"2024-01-10T12:40:54+00:00\" \/>\n<meta name=\"twitter:card\" content=\"summary_large_image\" \/>\n<meta name=\"twitter:label1\" content=\"Est. reading time\" \/>\n\t<meta name=\"twitter:data1\" content=\"1 minute\" \/>\n<script type=\"application\/ld+json\" class=\"yoast-schema-graph\">{\"@context\":\"https:\/\/schema.org\",\"@graph\":[{\"@type\":\"WebPage\",\"@id\":\"https:\/\/www.linka.partners\/iletisim\/\",\"url\":\"https:\/\/www.linka.partners\/iletisim\/\",\"name\":\"\u0130leti\u015fim | Linka Partners\",\"isPartOf\":{\"@id\":\"https:\/\/www.linka.partners\/#website\"},\"datePublished\":\"2023-09-22T15:01:42+00:00\",\"dateModified\":\"2024-01-10T12:40:54+00:00\",\"breadcrumb\":{\"@id\":\"https:\/\/www.linka.partners\/iletisim\/#breadcrumb\"},\"inLanguage\":\"en-US\",\"potentialAction\":[{\"@type\":\"ReadAction\",\"target\":[\"https:\/\/www.linka.partners\/iletisim\/\"]}]},{\"@type\":\"BreadcrumbList\",\"@id\":\"https:\/\/www.linka.partners\/iletisim\/#breadcrumb\",\"itemListElement\":[{\"@type\":\"ListItem\",\"position\":1,\"name\":\"Anasayfa\",\"item\":\"https:\/\/www.linka.partners\/\"},{\"@type\":\"ListItem\",\"position\":2,\"name\":\"\u0130leti\u015fim\"}]},{\"@type\":\"WebSite\",\"@id\":\"https:\/\/www.linka.partners\/#website\",\"url\":\"https:\/\/www.linka.partners\/\",\"name\":\"Linka Partners\",\"description\":\"\",\"publisher\":{\"@id\":\"https:\/\/www.linka.partners\/#organization\"},\"potentialAction\":[{\"@type\":\"SearchAction\",\"target\":{\"@type\":\"EntryPoint\",\"urlTemplate\":\"https:\/\/www.linka.partners\/?s={search_term_string}\"},\"query-input\":\"required name=search_term_string\"}],\"inLanguage\":\"en-US\"},{\"@type\":\"Organization\",\"@id\":\"https:\/\/www.linka.partners\/#organization\",\"name\":\"Linka Partners Proje Hizmetleri Anonim \u015eirketi\",\"alternateName\":\"Linka Partners\",\"url\":\"https:\/\/www.linka.partners\/\",\"logo\":{\"@type\":\"ImageObject\",\"inLanguage\":\"en-US\",\"@id\":\"https:\/\/www.linka.partners\/#\/schema\/logo\/image\/\",\"url\":\"https:\/\/www.linka.partners\/wp-content\/uploads\/2023\/02\/Linka.png\",\"contentUrl\":\"https:\/\/www.linka.partners\/wp-content\/uploads\/2023\/02\/Linka.png\",\"width\":1200,\"height\":1200,\"caption\":\"Linka Partners Proje Hizmetleri Anonim \u015eirketi\"},\"image\":{\"@id\":\"https:\/\/www.linka.partners\/#\/schema\/logo\/image\/\"},\"sameAs\":[\"https:\/\/www.instagram.com\/linkapartners\/\",\"https:\/\/www.linkedin.com\/company\/linkapartners\/\"]}]}<\/script>\n<!-- \/ Yoast SEO plugin. -->","yoast_head_json":{"title":"\u0130leti\u015fim | Linka Partners","robots":{"index":"index","follow":"follow","max-snippet":"max-snippet:-1","max-image-preview":"max-image-preview:large","max-video-preview":"max-video-preview:-1"},"canonical":"https:\/\/www.linka.partners\/en\/iletisim\/","og_locale":"en_US","og_type":"article","og_title":"\u0130leti\u015fim | Linka Partners","og_url":"https:\/\/www.linka.partners\/en\/iletisim\/","og_site_name":"Linka Partners","article_modified_time":"2024-01-10T12:40:54+00:00","twitter_card":"summary_large_image","twitter_misc":{"Est. reading time":"1 minute"},"schema":{"@context":"https:\/\/schema.org","@graph":[{"@type":"WebPage","@id":"https:\/\/www.linka.partners\/iletisim\/","url":"https:\/\/www.linka.partners\/iletisim\/","name":"\u0130leti\u015fim | Linka Partners","isPartOf":{"@id":"https:\/\/www.linka.partners\/#website"},"datePublished":"2023-09-22T15:01:42+00:00","dateModified":"2024-01-10T12:40:54+00:00","breadcrumb":{"@id":"https:\/\/www.linka.partners\/iletisim\/#breadcrumb"},"inLanguage":"en-US","potentialAction":[{"@type":"ReadAction","target":["https:\/\/www.linka.partners\/iletisim\/"]}]},{"@type":"BreadcrumbList","@id":"https:\/\/www.linka.partners\/iletisim\/#breadcrumb","itemListElement":[{"@type":"ListItem","position":1,"name":"Anasayfa","item":"https:\/\/www.linka.partners\/"},{"@type":"ListItem","position":2,"name":"\u0130leti\u015fim"}]},{"@type":"WebSite","@id":"https:\/\/www.linka.partners\/#website","url":"https:\/\/www.linka.partners\/","name":"Linka Partners","description":"","publisher":{"@id":"https:\/\/www.linka.partners\/#organization"},"potentialAction":[{"@type":"SearchAction","target":{"@type":"EntryPoint","urlTemplate":"https:\/\/www.linka.partners\/?s={search_term_string}"},"query-input":"required name=search_term_string"}],"inLanguage":"en-US"},{"@type":"Organization","@id":"https:\/\/www.linka.partners\/#organization","name":"Linka Partners Proje Hizmetleri Anonim \u015eirketi","alternateName":"Linka Partners","url":"https:\/\/www.linka.partners\/","logo":{"@type":"ImageObject","inLanguage":"en-US","@id":"https:\/\/www.linka.partners\/#\/schema\/logo\/image\/","url":"https:\/\/www.linka.partners\/wp-content\/uploads\/2023\/02\/Linka.png","contentUrl":"https:\/\/www.linka.partners\/wp-content\/uploads\/2023\/02\/Linka.png","width":1200,"height":1200,"caption":"Linka Partners Proje Hizmetleri Anonim \u015eirketi"},"image":{"@id":"https:\/\/www.linka.partners\/#\/schema\/logo\/image\/"},"sameAs":["https:\/\/www.instagram.com\/linkapartners\/","https:\/\/www.linkedin.com\/company\/linkapartners\/"]}]}},"mfb_rest_fields":["yoast_head","yoast_head_json"],"_links":{"self":[{"href":"https:\/\/www.linka.partners\/en\/wp-json\/wp\/v2\/pages\/1163","targetHints":{"allow":["GET"]}}],"collection":[{"href":"https:\/\/www.linka.partners\/en\/wp-json\/wp\/v2\/pages"}],"about":[{"href":"https:\/\/www.linka.partners\/en\/wp-json\/wp\/v2\/types\/page"}],"author":[{"embeddable":true,"href":"https:\/\/www.linka.partners\/en\/wp-json\/wp\/v2\/users\/1"}],"replies":[{"embeddable":true,"href":"https:\/\/www.linka.partners\/en\/wp-json\/wp\/v2\/comments?post=1163"}],"version-history":[{"count":508,"href":"https:\/\/www.linka.partners\/en\/wp-json\/wp\/v2\/pages\/1163\/revisions"}],"predecessor-version":[{"id":4740,"href":"https:\/\/www.linka.partners\/en\/wp-json\/wp\/v2\/pages\/1163\/revisions\/4740"}],"wp:attachment":[{"href":"https:\/\/www.linka.partners\/en\/wp-json\/wp\/v2\/media?parent=1163"}],"curies":[{"name":"wp","href":"https:\/\/api.w.org\/{rel}","templated":true}]}}